{"id":266,"date":"2017-07-27T06:29:21","date_gmt":"2017-07-27T06:29:21","guid":{"rendered":"https:\/\/rasp.org.al\/?page_id=266"},"modified":"2019-12-11T21:51:22","modified_gmt":"2019-12-11T20:51:22","slug":"r-rural","status":"publish","type":"page","link":"https:\/\/rasp.org.al\/en\/r-rural\/","title":{"rendered":"R Rural"},"content":{"rendered":"<h3 class=\"H2\">NE OPEROJME NE ZONAT RURALE<\/h3>\n<p id=\"u7599-5\" class=\"Bodytext\">RASP \u00ebsht\u00eb nj\u00eb organizat\u00eb e specializuar p\u00ebr zhvillimin e zonave rurale n\u00eb Shqip\u00ebri, ku burimet leht\u00ebsisht t\u00eb shfryt\u00ebzueshme jan\u00eb t\u00eb pakta si dhe kapacitetet njer\u00ebzore pothuajse mungojn\u00eb, ku infrastruktura \u00ebsht\u00eb e pazhvilluar dhe ku ka mb\u00ebshtetje m\u00eb t\u00eb kufizuar nga donator\u00eb t\u00eb huaj apo vendas.<\/p>\n<p id=\"u7599-8\" class=\"Bodytext\">RASP dhe shoqatat q\u00eb ka mb\u00ebshtetur q\u00eb n\u00eb fillim t\u00eb tyre, e kan\u00eb shtrir\u00eb aktivitetin gati n\u00eb t\u00eb gjith\u00eb territorin e Shqip\u00ebris\u00eb. Kryesisht RASP ka punuar n\u00eb zonat veri-lindore t\u00eb Shqip\u00ebris\u00eb, n\u00eb Kosov\u00ebn Per\u00ebndimore si dhe n\u00eb Butrint.<\/p>\n<p id=\"u7599-11\" class=\"Bodytext\">N\u00eb programet tona zona veri-lindore \u00ebsht\u00eb prioritare sepse \u00ebsht\u00eb zona m\u00eb e varf\u00ebr n\u00eb Shqip\u00ebri.<\/p>\n<p id=\"u7599-24\" class=\"Bodytext\">Aktivitetet e RASP n<span class=\"Bold-Text\">\u00eb<\/span>\u00a0zonat rurale n<span class=\"Bold-Text\">\u00eb<\/span>\u00a0veri t<span class=\"Bold-Text\">\u00eb<\/span>\u00a0Shqip<span class=\"Bold-Text\">\u00eb<\/span>ris<span class=\"Bold-Text\">\u00eb<\/span><\/p>\n<div id='gallery-1' class='gallery galleryid-266 gallery-columns-2 gallery-size-large'><figure class='gallery-item'>\n\t\t\t<div class='gallery-icon landscape'>\n\t\t\t\t<a href='https:\/\/rasp.org.al\/wp-content\/uploads\/2019\/12\/shkembim-vizite-puke-fushe-arrez.jpg'><img loading=\"lazy\" decoding=\"async\" width=\"448\" height=\"336\" src=\"https:\/\/rasp.org.al\/wp-content\/uploads\/2019\/12\/shkembim-vizite-puke-fushe-arrez.jpg\" class=\"attachment-large size-large\" alt=\"\" srcset=\"https:\/\/rasp.org.al\/wp-content\/uploads\/2019\/12\/shkembim-vizite-puke-fushe-arrez.jpg 448w, https:\/\/rasp.org.al\/wp-content\/uploads\/2019\/12\/shkembim-vizite-puke-fushe-arrez-390x293.jpg 390w, https:\/\/rasp.org.al\/wp-content\/uploads\/2019\/12\/shkembim-vizite-puke-fushe-arrez-300x225.jpg 300w\" sizes=\"auto, (max-width: 448px) 100vw, 448px\" \/><\/a>\n\t\t\t<\/div><\/figure><figure class='gallery-item'>\n\t\t\t<div class='gallery-icon landscape'>\n\t\t\t\t<a href='https:\/\/rasp.org.al\/wp-content\/uploads\/2019\/12\/head-of-kukes-council-discussing-about-the-fair-2007-7.jpg'><img loading=\"lazy\" decoding=\"async\" width=\"448\" height=\"336\" src=\"https:\/\/rasp.org.al\/wp-content\/uploads\/2019\/12\/head-of-kukes-council-discussing-about-the-fair-2007-7.jpg\" class=\"attachment-large size-large\" alt=\"\" srcset=\"https:\/\/rasp.org.al\/wp-content\/uploads\/2019\/12\/head-of-kukes-council-discussing-about-the-fair-2007-7.jpg 448w, https:\/\/rasp.org.al\/wp-content\/uploads\/2019\/12\/head-of-kukes-council-discussing-about-the-fair-2007-7-390x293.jpg 390w, https:\/\/rasp.org.al\/wp-content\/uploads\/2019\/12\/head-of-kukes-council-discussing-about-the-fair-2007-7-300x225.jpg 300w\" sizes=\"auto, (max-width: 448px) 100vw, 448px\" \/><\/a>\n\t\t\t<\/div><\/figure><figure class='gallery-item'>\n\t\t\t<div class='gallery-icon landscape'>\n\t\t\t\t<a href='https:\/\/rasp.org.al\/wp-content\/uploads\/2019\/12\/2006_0923kukes-panairi0025.jpg'><img loading=\"lazy\" decoding=\"async\" width=\"448\" height=\"336\" src=\"https:\/\/rasp.org.al\/wp-content\/uploads\/2019\/12\/2006_0923kukes-panairi0025.jpg\" class=\"attachment-large size-large\" alt=\"\" srcset=\"https:\/\/rasp.org.al\/wp-content\/uploads\/2019\/12\/2006_0923kukes-panairi0025.jpg 448w, https:\/\/rasp.org.al\/wp-content\/uploads\/2019\/12\/2006_0923kukes-panairi0025-390x293.jpg 390w, https:\/\/rasp.org.al\/wp-content\/uploads\/2019\/12\/2006_0923kukes-panairi0025-300x225.jpg 300w\" sizes=\"auto, (max-width: 448px) 100vw, 448px\" \/><\/a>\n\t\t\t<\/div><\/figure><figure class='gallery-item'>\n\t\t\t<div class='gallery-icon landscape'>\n\t\t\t\t<a href='https:\/\/rasp.org.al\/wp-content\/uploads\/2019\/12\/060923boyprize2.jpg'><img loading=\"lazy\" decoding=\"async\" width=\"426\" height=\"336\" src=\"https:\/\/rasp.org.al\/wp-content\/uploads\/2019\/12\/060923boyprize2.jpg\" class=\"attachment-large size-large\" alt=\"\" srcset=\"https:\/\/rasp.org.al\/wp-content\/uploads\/2019\/12\/060923boyprize2.jpg 426w, https:\/\/rasp.org.al\/wp-content\/uploads\/2019\/12\/060923boyprize2-390x308.jpg 390w, https:\/\/rasp.org.al\/wp-content\/uploads\/2019\/12\/060923boyprize2-300x237.jpg 300w\" sizes=\"auto, (max-width: 426px) 100vw, 426px\" \/><\/a>\n\t\t\t<\/div><\/figure>\n\t\t<\/div>\n\n","protected":false},"excerpt":{"rendered":"<p>NE OPEROJME NE ZONAT RURALE RASP \u00ebsht\u00eb nj\u00eb organizat\u00eb e specializuar p\u00ebr zhvillimin e zonave rurale n\u00eb Shqip\u00ebri, ku burimet leht\u00ebsisht t\u00eb shfryt\u00ebzueshme jan\u00eb t\u00eb pakta si dhe kapacitetet njer\u00ebzore pothuajse mungojn\u00eb, ku infrastruktura \u00ebsht\u00eb e pazhvilluar dhe ku ka mb\u00ebshtetje m\u00eb t\u00eb kufizuar nga donator\u00eb t\u00eb huaj apo vendas. RASP dhe shoqatat q\u00eb ka [&hellip;]<\/p>\n","protected":false},"author":1,"featured_media":0,"parent":0,"menu_order":0,"comment_status":"closed","ping_status":"closed","template":"","meta":{"footnotes":""},"class_list":["post-266","page","type-page","status-publish","hentry"],"translation":{"provider":"WPGlobus","version":"3.0.1","language":"en","enabled_languages":["sq","en"],"languages":{"sq":{"title":true,"content":true,"excerpt":false},"en":{"title":false,"content":false,"excerpt":false}}},"_links":{"self":[{"href":"https:\/\/rasp.org.al\/en\/wp-json\/wp\/v2\/pages\/266","targetHints":{"allow":["GET"]}}],"collection":[{"href":"https:\/\/rasp.org.al\/en\/wp-json\/wp\/v2\/pages"}],"about":[{"href":"https:\/\/rasp.org.al\/en\/wp-json\/wp\/v2\/types\/page"}],"author":[{"embeddable":true,"href":"https:\/\/rasp.org.al\/en\/wp-json\/wp\/v2\/users\/1"}],"replies":[{"embeddable":true,"href":"https:\/\/rasp.org.al\/en\/wp-json\/wp\/v2\/comments?post=266"}],"version-history":[{"count":2,"href":"https:\/\/rasp.org.al\/en\/wp-json\/wp\/v2\/pages\/266\/revisions"}],"predecessor-version":[{"id":2128,"href":"https:\/\/rasp.org.al\/en\/wp-json\/wp\/v2\/pages\/266\/revisions\/2128"}],"wp:attachment":[{"href":"https:\/\/rasp.org.al\/en\/wp-json\/wp\/v2\/media?parent=266"}],"curies":[{"name":"wp","href":"https:\/\/api.w.org\/{rel}","templated":true}]}}