{"id":2140,"date":"2019-12-11T22:03:05","date_gmt":"2019-12-11T21:03:05","guid":{"rendered":"https:\/\/rasp.org.al\/?page_id=2140"},"modified":"2024-09-24T18:45:42","modified_gmt":"2024-09-24T17:45:42","slug":"p-programe","status":"publish","type":"page","link":"https:\/\/rasp.org.al\/en\/p-programe\/","title":{"rendered":"P PROGRAME"},"content":{"rendered":"\n<h3 class=\"wp-block-heading\">Programet tona ndihmojne komunitetin<\/h3>\n\n\n\n<p>Ne jemi pran\u00eb zonave rurale p\u00ebr t\u00eb zhvilluar aft\u00ebsit\u00eb e duhura t\u00eb banor\u00ebve n\u00eb m\u00ebnyr\u00eb q\u00eb t\u00eb rritet statusi ekonomik dhe t\u00eb p\u00ebrmir\u00ebsohet standarti i jetes\u00ebs n\u00eb komunitetet ku ata jetojn\u00eb<\/p>\n\n\n\n<p>RASP, synon t\u00eb rris\u00eb kapacitetet e grupeve duke nxitur t\u00eb dyja gjinit\u00eb t\u00eb bashk\u00ebpunojn\u00eb, nd\u00ebrkoh\u00eb q\u00eb i shikon pal\u00ebt si element\u00eb t\u00eb domosdosh\u00ebm t\u00eb zhvillimit t\u00eb shoq\u00ebris\u00eb. P\u00ebrfshirja dhe trajnimi i t\u00eb dyja gjinive do t\u00eb b\u00ebj\u00eb t\u00eb mundur rritje t\u00eb t\u00eb ardhurave ekonomike t\u00eb familjes, produkte m\u00eb cil\u00ebsore si dhe q\u00ebndrueshm\u00ebri t\u00eb aktiviteteve t\u00eb ndryshme.<\/p>\n\n\n<div class=\"wp-block-image\">\n<figure class=\"aligncenter size-full\"><img loading=\"lazy\" decoding=\"async\" width=\"927\" height=\"596\" src=\"https:\/\/rasp.org.al\/wp-content\/uploads\/2024\/09\/Katundishte-web.jpg\" alt=\"\" class=\"wp-image-3677\" srcset=\"https:\/\/rasp.org.al\/wp-content\/uploads\/2024\/09\/Katundishte-web.jpg 927w, https:\/\/rasp.org.al\/wp-content\/uploads\/2024\/09\/Katundishte-web-300x193.jpg 300w, https:\/\/rasp.org.al\/wp-content\/uploads\/2024\/09\/Katundishte-web-768x494.jpg 768w\" sizes=\"auto, (max-width: 927px) 100vw, 927px\" \/><figcaption class=\"wp-element-caption\">Me fermere te fshatit Katundishte, ne Kelcyre, Permet, 2023<\/figcaption><\/figure>\n<\/div>","protected":false},"excerpt":{"rendered":"<p>Programet tona ndihmojne komunitetin Ne jemi pran\u00eb zonave rurale p\u00ebr t\u00eb zhvilluar aft\u00ebsit\u00eb e duhura t\u00eb banor\u00ebve n\u00eb m\u00ebnyr\u00eb q\u00eb t\u00eb rritet statusi ekonomik dhe t\u00eb p\u00ebrmir\u00ebsohet standarti i jetes\u00ebs n\u00eb komunitetet ku ata jetojn\u00eb RASP, synon t\u00eb rris\u00eb kapacitetet e grupeve duke nxitur t\u00eb dyja gjinit\u00eb t\u00eb bashk\u00ebpunojn\u00eb, nd\u00ebrkoh\u00eb q\u00eb i shikon pal\u00ebt si [&hellip;]<\/p>\n","protected":false},"author":1,"featured_media":0,"parent":0,"menu_order":0,"comment_status":"closed","ping_status":"closed","template":"","meta":{"footnotes":""},"class_list":["post-2140","page","type-page","status-publish","hentry"],"translation":{"provider":"WPGlobus","version":"3.0.1","language":"en","enabled_languages":["sq","en"],"languages":{"sq":{"title":true,"content":true,"excerpt":false},"en":{"title":false,"content":false,"excerpt":false}}},"_links":{"self":[{"href":"https:\/\/rasp.org.al\/en\/wp-json\/wp\/v2\/pages\/2140","targetHints":{"allow":["GET"]}}],"collection":[{"href":"https:\/\/rasp.org.al\/en\/wp-json\/wp\/v2\/pages"}],"about":[{"href":"https:\/\/rasp.org.al\/en\/wp-json\/wp\/v2\/types\/page"}],"author":[{"embeddable":true,"href":"https:\/\/rasp.org.al\/en\/wp-json\/wp\/v2\/users\/1"}],"replies":[{"embeddable":true,"href":"https:\/\/rasp.org.al\/en\/wp-json\/wp\/v2\/comments?post=2140"}],"version-history":[{"count":4,"href":"https:\/\/rasp.org.al\/en\/wp-json\/wp\/v2\/pages\/2140\/revisions"}],"predecessor-version":[{"id":3679,"href":"https:\/\/rasp.org.al\/en\/wp-json\/wp\/v2\/pages\/2140\/revisions\/3679"}],"wp:attachment":[{"href":"https:\/\/rasp.org.al\/en\/wp-json\/wp\/v2\/media?parent=2140"}],"curies":[{"name":"wp","href":"https:\/\/api.w.org\/{rel}","templated":true}]}}