{"id":2135,"date":"2019-12-11T21:58:36","date_gmt":"2019-12-11T20:58:36","guid":{"rendered":"https:\/\/rasp.org.al\/?page_id=2135"},"modified":"2019-12-11T21:58:37","modified_gmt":"2019-12-11T20:58:37","slug":"s-support","status":"publish","type":"page","link":"https:\/\/rasp.org.al\/en\/s-support\/","title":{"rendered":"S Support"},"content":{"rendered":"\n<h2 class=\"wp-block-heading\">Ne mbeshtesim zhvillimin<\/h2>\n\n\n\n<p>RASP ndihmon komunitetet lokale n\u00eb Nd\u00ebrtimin e Indeksit Gjeografik p\u00ebrmes t\u00eb gjitha fazave t\u00eb tij si karakterizimi i produktit, p\u00ebrcaktimi i territorit, nd\u00ebrtimi i trupit nd\u00ebrprofesional, hartimi i kodit t\u00eb praktik\u00ebs, hartimi i strategjis\u00eb s\u00eb promovimit dhe regjistrimi i produktit sipas rregullave t\u00eb BE<\/p>\n\n\n\n<p>RASP n\u00eb kuad\u00ebr t\u00eb objektivave t\u00eb veta, mb\u00ebshtet grupet e ve\u00e7anta t\u00eb interesit t\u00eb formuara n\u00eb pjes\u00ebn Veriore t\u00eb Shqip\u00ebris\u00eb.<\/p>\n\n\n\n<p>RASP, synon t\u00eb rris\u00eb kapacitetet e grupeve duke nxitur t\u00eb dyja gjinit\u00eb t\u00eb bashk\u00ebpunojn\u00eb, nderkoh\u00eb q\u00eb i shikon pal\u00ebt si element\u00eb t\u00eb domosdosh\u00ebm t\u00eb zhvillimit t\u00eb shoq\u00ebris\u00eb. P\u00ebrfshirja dhe trajnimi i t\u00eb dyja gjinive do t\u00eb b\u00ebj\u00eb t\u00eb mundur rritje t\u00eb t\u00eb ardhurave ekonomike t\u00eb familjes, produkte m\u00eb cil\u00ebsore si dhe q\u00ebndrueshm\u00ebri t\u00eb aktiviteteve t\u00eb ndryshme.<\/p>\n\n\n\n<p>Grupet e formuara t\u00eb interesit, jan\u00eb organizuar n\u00eb nivele rajonale duke ngritur struktura t\u00eb vecanta. K\u00ebshtu, grupet e Kuk\u00ebsit dhe t\u00eb Hasit kan\u00eb formuar Federat\u00ebn e Fermer\u00ebve ( www.fedfarmqk.org ), e cila ka nj\u00eb status dhe kryen nj\u00eb funksion t\u00eb caktuar. Ajo p\u00ebrfaq\u00ebson dhe mbron interesat e fermer\u00ebve. Lobimi dhe advokimi \u00ebsht\u00eb shum\u00eb i r\u00ebnd\u00ebsish\u00ebm p\u00ebr tu dh\u00ebn\u00eb mb\u00ebshtetjen e duhur atyre duke e ngritur z\u00ebrin e problemeve t\u00eb fermer\u00ebve drejt zgjidhjeve t\u00eb mundshme.<\/p>\n\n\n\n<p>Grupet e interesit n\u00eb Puk\u00eb jan\u00eb organizuar n\u00eb form\u00ebn e nj\u00eb forumi, si rruga m\u00eb e mir\u00eb e p\u00ebrfaq\u00ebsimit dhe mbrojtjes s\u00eb interesave t\u00eb tyre.<\/p>\n\n\n\n<div class=\"wp-block-image\"><figure class=\"aligncenter size-large\"><img loading=\"lazy\" decoding=\"async\" width=\"448\" height=\"336\" src=\"https:\/\/rasp.org.al\/wp-content\/uploads\/2019\/12\/demonstrim-ne-surroj.jpg\" alt=\"\" class=\"wp-image-2136\" srcset=\"https:\/\/rasp.org.al\/wp-content\/uploads\/2019\/12\/demonstrim-ne-surroj.jpg 448w, https:\/\/rasp.org.al\/wp-content\/uploads\/2019\/12\/demonstrim-ne-surroj-390x293.jpg 390w, https:\/\/rasp.org.al\/wp-content\/uploads\/2019\/12\/demonstrim-ne-surroj-300x225.jpg 300w\" sizes=\"auto, (max-width: 448px) 100vw, 448px\" \/><figcaption>Bleterritesit duke shkembyer pervoja<\/figcaption><\/figure><\/div>\n\n\n\n<div class=\"wp-block-image\"><figure class=\"aligncenter size-large\"><img loading=\"lazy\" decoding=\"async\" width=\"448\" height=\"336\" src=\"https:\/\/rasp.org.al\/wp-content\/uploads\/2019\/12\/workshopi-ne-velipoje-2.jpg\" alt=\"\" class=\"wp-image-2137\" srcset=\"https:\/\/rasp.org.al\/wp-content\/uploads\/2019\/12\/workshopi-ne-velipoje-2.jpg 448w, https:\/\/rasp.org.al\/wp-content\/uploads\/2019\/12\/workshopi-ne-velipoje-2-390x293.jpg 390w, https:\/\/rasp.org.al\/wp-content\/uploads\/2019\/12\/workshopi-ne-velipoje-2-300x225.jpg 300w\" sizes=\"auto, (max-width: 448px) 100vw, 448px\" \/><figcaption> Workshop me grate e projektit ne Velipoje<\/figcaption><\/figure><\/div>\n","protected":false},"excerpt":{"rendered":"<p>Ne mbeshtesim zhvillimin RASP ndihmon komunitetet lokale n\u00eb Nd\u00ebrtimin e Indeksit Gjeografik p\u00ebrmes t\u00eb gjitha fazave t\u00eb tij si karakterizimi i produktit, p\u00ebrcaktimi i territorit, nd\u00ebrtimi i trupit nd\u00ebrprofesional, hartimi i kodit t\u00eb praktik\u00ebs, hartimi i strategjis\u00eb s\u00eb promovimit dhe regjistrimi i produktit sipas rregullave t\u00eb BE RASP n\u00eb kuad\u00ebr t\u00eb objektivave t\u00eb veta, mb\u00ebshtet [&hellip;]<\/p>\n","protected":false},"author":1,"featured_media":0,"parent":0,"menu_order":0,"comment_status":"closed","ping_status":"closed","template":"","meta":{"footnotes":""},"class_list":["post-2135","page","type-page","status-publish","hentry"],"translation":{"provider":"WPGlobus","version":"3.0.1","language":"en","enabled_languages":["sq","en"],"languages":{"sq":{"title":true,"content":true,"excerpt":false},"en":{"title":false,"content":false,"excerpt":false}}},"_links":{"self":[{"href":"https:\/\/rasp.org.al\/en\/wp-json\/wp\/v2\/pages\/2135","targetHints":{"allow":["GET"]}}],"collection":[{"href":"https:\/\/rasp.org.al\/en\/wp-json\/wp\/v2\/pages"}],"about":[{"href":"https:\/\/rasp.org.al\/en\/wp-json\/wp\/v2\/types\/page"}],"author":[{"embeddable":true,"href":"https:\/\/rasp.org.al\/en\/wp-json\/wp\/v2\/users\/1"}],"replies":[{"embeddable":true,"href":"https:\/\/rasp.org.al\/en\/wp-json\/wp\/v2\/comments?post=2135"}],"version-history":[{"count":1,"href":"https:\/\/rasp.org.al\/en\/wp-json\/wp\/v2\/pages\/2135\/revisions"}],"predecessor-version":[{"id":2138,"href":"https:\/\/rasp.org.al\/en\/wp-json\/wp\/v2\/pages\/2135\/revisions\/2138"}],"wp:attachment":[{"href":"https:\/\/rasp.org.al\/en\/wp-json\/wp\/v2\/media?parent=2135"}],"curies":[{"name":"wp","href":"https:\/\/api.w.org\/{rel}","templated":true}]}}