{"id":2129,"date":"2019-12-11T21:55:37","date_gmt":"2019-12-11T20:55:37","guid":{"rendered":"https:\/\/rasp.org.al\/?page_id=2129"},"modified":"2019-12-11T21:55:37","modified_gmt":"2019-12-11T20:55:37","slug":"a-association","status":"publish","type":"page","link":"https:\/\/rasp.org.al\/en\/a-association\/","title":{"rendered":"A Association"},"content":{"rendered":"\n<h3 class=\"wp-block-heading\">Targete te synuara ne projektet tona jane grupet<\/h3>\n\n\n\n<h3 class=\"wp-block-heading\">dhe shoqatat e zonave rurale.<\/h3>\n\n\n\n<p>Qysh n\u00eb fillim t\u00eb aktiviteteve t\u00eb veta, RASP ka mb\u00ebshtetur fuqimisht iniciativa p\u00ebr themelimin e shum\u00eb grupeve t\u00eb interesit n\u00eb Shqip\u00ebri.<\/p>\n\n\n\n<p>Programi i RASP ka mb\u00ebshtetur dhe vazhdon t\u00eb mb\u00ebshtes\u00eb m\u00eb shum\u00eb se 18 shoqata dhe grupe interesi n\u00eb zonat e Shqip\u00ebris\u00eb veriore, p\u00ebr t\u00eb zhvilluar strukturat e tyre demokratike dhe p\u00ebr t\u00eb rritur kapacitetet e tyre p\u00ebr lobim dhe p\u00ebrfaq\u00ebsim t\u00eb interesave t\u00eb an\u00ebtar\u00ebve t\u00eb tyre.<\/p>\n\n\n\n<p>Disa nga shoqatat e krijuara me mb\u00ebshtetjen e RASP kan\u00eb qen\u00eb nga shoqatat m\u00eb aktive n\u00eb Shqip\u00ebri jan\u00eb Shoqata e Bujq\u00ebsis\u00eb Organike, disa Shoqata fermer\u00ebsh n\u00eb zonat verilindore si dhe mb\u00ebshtetje t\u00eb shoqatave dhe grupeve joformale t\u00eb grave dhe t\u00eb rinj\u00ebve. Rezultatet kan\u00eb q\u00ebn\u00eb t\u00eb q\u00ebndrueshme dhe t\u00eb sukseshme. Shoqata Komb\u00ebtare e Bletar\u00ebve \u00ebsht\u00eb nga t\u00eb parat shoqata t\u00eb mb\u00ebshtetura nga RASP dhe vazhdon t\u00eb jet\u00eb nj\u00eb shoqat\u00eb aktive.<\/p>\n\n\n\n<p>RASP i jep gjithashtu prioritet elementit t\u00eb grave dhe t\u00eb rinjve duke rritur kapacitetet dhe fuqizuar rolin e tyre n\u00eb grupet ekzistuese, ashtu edhe\u00a0 n\u00eb ngritjen apo mb\u00ebshtetjen e grupeve t\u00eb specializuara t\u00eb grave si ato t\u00eb artizanatit, agrop\u00ebrpunimit dhe forumeve t\u00eb vecanta.<\/p>\n\n\n\n<figure class=\"wp-block-image size-large\"><img loading=\"lazy\" decoding=\"async\" width=\"448\" height=\"336\" src=\"https:\/\/rasp.org.al\/wp-content\/uploads\/2019\/12\/agroprocessor-center-of-puka.jpg\" alt=\"\" class=\"wp-image-2130\" srcset=\"https:\/\/rasp.org.al\/wp-content\/uploads\/2019\/12\/agroprocessor-center-of-puka.jpg 448w, https:\/\/rasp.org.al\/wp-content\/uploads\/2019\/12\/agroprocessor-center-of-puka-390x293.jpg 390w, https:\/\/rasp.org.al\/wp-content\/uploads\/2019\/12\/agroprocessor-center-of-puka-300x225.jpg 300w\" sizes=\"auto, (max-width: 448px) 100vw, 448px\" \/><figcaption> Gra nga Kukesi dhe Puka duke kembyer<br>pervoje ne agroperpunim <\/figcaption><\/figure>\n\n\n\n<figure class=\"wp-block-image size-large\"><img loading=\"lazy\" decoding=\"async\" width=\"448\" height=\"336\" src=\"https:\/\/rasp.org.al\/wp-content\/uploads\/2019\/12\/beekeeping-fair-gjakovo.jpg\" alt=\"\" class=\"wp-image-2131\" srcset=\"https:\/\/rasp.org.al\/wp-content\/uploads\/2019\/12\/beekeeping-fair-gjakovo.jpg 448w, https:\/\/rasp.org.al\/wp-content\/uploads\/2019\/12\/beekeeping-fair-gjakovo-390x293.jpg 390w, https:\/\/rasp.org.al\/wp-content\/uploads\/2019\/12\/beekeeping-fair-gjakovo-300x225.jpg 300w\" sizes=\"auto, (max-width: 448px) 100vw, 448px\" \/><figcaption> Senatoret e shkolles se mesme te Pukes <\/figcaption><\/figure>\n\n\n\n<figure class=\"wp-block-image size-large\"><img loading=\"lazy\" decoding=\"async\" width=\"448\" height=\"336\" src=\"https:\/\/rasp.org.al\/wp-content\/uploads\/2019\/12\/senati-puke-2009.jpg\" alt=\"\" class=\"wp-image-2132\" srcset=\"https:\/\/rasp.org.al\/wp-content\/uploads\/2019\/12\/senati-puke-2009.jpg 448w, https:\/\/rasp.org.al\/wp-content\/uploads\/2019\/12\/senati-puke-2009-390x293.jpg 390w, https:\/\/rasp.org.al\/wp-content\/uploads\/2019\/12\/senati-puke-2009-300x225.jpg 300w\" sizes=\"auto, (max-width: 448px) 100vw, 448px\" \/><figcaption> Panairi i bletarise ne Gjakove<\/figcaption><\/figure>\n","protected":false},"excerpt":{"rendered":"<p>Targete te synuara ne projektet tona jane grupet dhe shoqatat e zonave rurale. Qysh n\u00eb fillim t\u00eb aktiviteteve t\u00eb veta, RASP ka mb\u00ebshtetur fuqimisht iniciativa p\u00ebr themelimin e shum\u00eb grupeve t\u00eb interesit n\u00eb Shqip\u00ebri. Programi i RASP ka mb\u00ebshtetur dhe vazhdon t\u00eb mb\u00ebshtes\u00eb m\u00eb shum\u00eb se 18 shoqata dhe grupe interesi n\u00eb zonat e Shqip\u00ebris\u00eb [&hellip;]<\/p>\n","protected":false},"author":1,"featured_media":0,"parent":0,"menu_order":0,"comment_status":"closed","ping_status":"closed","template":"","meta":{"footnotes":""},"class_list":["post-2129","page","type-page","status-publish","hentry"],"translation":{"provider":"WPGlobus","version":"3.0.1","language":"en","enabled_languages":["sq","en"],"languages":{"sq":{"title":true,"content":true,"excerpt":false},"en":{"title":false,"content":false,"excerpt":false}}},"_links":{"self":[{"href":"https:\/\/rasp.org.al\/en\/wp-json\/wp\/v2\/pages\/2129","targetHints":{"allow":["GET"]}}],"collection":[{"href":"https:\/\/rasp.org.al\/en\/wp-json\/wp\/v2\/pages"}],"about":[{"href":"https:\/\/rasp.org.al\/en\/wp-json\/wp\/v2\/types\/page"}],"author":[{"embeddable":true,"href":"https:\/\/rasp.org.al\/en\/wp-json\/wp\/v2\/users\/1"}],"replies":[{"embeddable":true,"href":"https:\/\/rasp.org.al\/en\/wp-json\/wp\/v2\/comments?post=2129"}],"version-history":[{"count":1,"href":"https:\/\/rasp.org.al\/en\/wp-json\/wp\/v2\/pages\/2129\/revisions"}],"predecessor-version":[{"id":2133,"href":"https:\/\/rasp.org.al\/en\/wp-json\/wp\/v2\/pages\/2129\/revisions\/2133"}],"wp:attachment":[{"href":"https:\/\/rasp.org.al\/en\/wp-json\/wp\/v2\/media?parent=2129"}],"curies":[{"name":"wp","href":"https:\/\/api.w.org\/{rel}","templated":true}]}}